{"id":188,"date":"2025-02-05T20:37:35","date_gmt":"2025-02-05T19:37:35","guid":{"rendered":"https:\/\/la4mobile.com\/?page_id=188"},"modified":"2025-04-07T17:15:04","modified_gmt":"2025-04-07T15:15:04","slug":"nos-sponsors","status":"publish","type":"page","link":"https:\/\/la4mobile.com\/index.php\/nos-sponsors\/","title":{"rendered":"Nos Sponsors"},"content":{"rendered":"\n<h1 class=\"wp-block-heading has-text-align-center\">Qui sont nos Sponsors<\/h1>\n\n\n\n<p>Participer au&nbsp;<strong>4L Trophy<\/strong>&nbsp;est une aventure ambitieuse, et nous ne pourrions y arriver sans le soutien pr\u00e9cieux de nos partenaires et sponsors. Gr\u00e2ce \u00e0 leur g\u00e9n\u00e9rosit\u00e9, nous pouvons pr\u00e9parer notre 4L, financer notre projet et accomplir cette aventure solidaire dans les meilleures conditions.<\/p>\n\n\n\n<p>Nous sommes fiers de collaborer avec des entreprises et des particuliers qui partagent nos valeurs d\u2019entraide et de solidarit\u00e9. Chaque sponsor qui nous soutient nous aide \u00e0 faire un pas de plus vers le d\u00e9part pour le Maroc et \u00e0 contribuer \u00e0 une belle cause humanitaire.<\/p>\n\n\n\n<p>Si vous souhaitez rejoindre notre aventure et devenir sponsor de&nbsp;<strong>La 4 Mobile<\/strong>, n\u2019h\u00e9sitez pas \u00e0 nous contacter. Ensemble, faisons de ce projet une r\u00e9ussite !<\/p>\n\n\n\n<hr class=\"wp-block-separator has-alpha-channel-opacity is-style-wide\"\/>\n\n\n\n<div class=\"wp-block-group is-nowrap is-layout-flex wp-container-core-group-is-layout-6c531013 wp-block-group-is-layout-flex\">\n<figure class=\"wp-block-image size-full is-resized\"><img loading=\"lazy\" decoding=\"async\" width=\"920\" height=\"424\" src=\"https:\/\/la4mobile.com\/wp-content\/uploads\/2025\/02\/w1000-logo-81d04a-1.png\" alt=\"\" class=\"wp-image-116\" style=\"width:284px;height:auto\" srcset=\"https:\/\/la4mobile.com\/wp-content\/uploads\/2025\/02\/w1000-logo-81d04a-1.png 920w, https:\/\/la4mobile.com\/wp-content\/uploads\/2025\/02\/w1000-logo-81d04a-1-300x138.png 300w, https:\/\/la4mobile.com\/wp-content\/uploads\/2025\/02\/w1000-logo-81d04a-1-768x354.png 768w\" sizes=\"auto, (max-width: 920px) 100vw, 920px\" \/><\/figure>\n\n\n\n<p class=\"has-text-align-center\">Graphiste Freelance Web &amp; Print <a href=\"http:\/\/www.apgraphisme.com\" data-type=\"link\" data-id=\"www.apgraphisme.com\">www.apgraphisme.com <\/a><\/p>\n<\/div>\n\n\n\n<div class=\"wp-block-group is-nowrap is-layout-flex wp-container-core-group-is-layout-6c531013 wp-block-group-is-layout-flex\">\n<p class=\"has-text-align-center\">Pr\u00e9servation des document technique automobile <a href=\"http:\/\/retro-docs.fr\" data-type=\"link\" data-id=\"retro-docs.fr\">www.retro-docs.fr<\/a><\/p>\n\n\n\n<figure class=\"wp-block-image size-large is-resized\"><img loading=\"lazy\" decoding=\"async\" width=\"1024\" height=\"388\" src=\"https:\/\/la4mobile.com\/wp-content\/uploads\/2025\/02\/logo-white-1024x388.png\" alt=\"\" class=\"wp-image-114\" style=\"width:292px\" srcset=\"https:\/\/la4mobile.com\/wp-content\/uploads\/2025\/02\/logo-white-1024x388.png 1024w, https:\/\/la4mobile.com\/wp-content\/uploads\/2025\/02\/logo-white-300x114.png 300w, https:\/\/la4mobile.com\/wp-content\/uploads\/2025\/02\/logo-white-768x291.png 768w, https:\/\/la4mobile.com\/wp-content\/uploads\/2025\/02\/logo-white.png 1315w\" sizes=\"auto, (max-width: 1024px) 100vw, 1024px\" \/><\/figure>\n<\/div>\n\n\n\n<p><\/p>\n","protected":false},"excerpt":{"rendered":"<p>Qui sont nos Sponsors Participer au&nbsp;4L Trophy&nbsp;est une aventure ambitieuse, et nous ne pourrions y arriver sans le soutien pr\u00e9cieux de nos partenaires et sponsors. Gr\u00e2ce \u00e0 leur g\u00e9n\u00e9rosit\u00e9, nous pouvons pr\u00e9parer notre 4L, financer notre projet et accomplir cette aventure solidaire dans les meilleures conditions. Nous sommes fiers de collaborer avec des entreprises et [&hellip;]<\/p>\n","protected":false},"author":1,"featured_media":0,"parent":0,"menu_order":0,"comment_status":"closed","ping_status":"closed","template":"","meta":{"footnotes":""},"class_list":["post-188","page","type-page","status-publish","hentry"],"_links":{"self":[{"href":"https:\/\/la4mobile.com\/index.php\/wp-json\/wp\/v2\/pages\/188","targetHints":{"allow":["GET"]}}],"collection":[{"href":"https:\/\/la4mobile.com\/index.php\/wp-json\/wp\/v2\/pages"}],"about":[{"href":"https:\/\/la4mobile.com\/index.php\/wp-json\/wp\/v2\/types\/page"}],"author":[{"embeddable":true,"href":"https:\/\/la4mobile.com\/index.php\/wp-json\/wp\/v2\/users\/1"}],"replies":[{"embeddable":true,"href":"https:\/\/la4mobile.com\/index.php\/wp-json\/wp\/v2\/comments?post=188"}],"version-history":[{"count":2,"href":"https:\/\/la4mobile.com\/index.php\/wp-json\/wp\/v2\/pages\/188\/revisions"}],"predecessor-version":[{"id":190,"href":"https:\/\/la4mobile.com\/index.php\/wp-json\/wp\/v2\/pages\/188\/revisions\/190"}],"wp:attachment":[{"href":"https:\/\/la4mobile.com\/index.php\/wp-json\/wp\/v2\/media?parent=188"}],"curies":[{"name":"wp","href":"https:\/\/api.w.org\/{rel}","templated":true}]}}