{"id":28,"date":"2025-02-03T22:20:45","date_gmt":"2025-02-03T21:20:45","guid":{"rendered":"https:\/\/la4mobile.com\/?page_id=28"},"modified":"2025-02-04T00:27:40","modified_gmt":"2025-02-03T23:27:40","slug":"mon-avancement","status":"publish","type":"page","link":"https:\/\/la4mobile.com\/index.php\/mon-avancement\/","title":{"rendered":"Suivez l&rsquo;avancement de notre aventure !"},"content":{"rendered":"\n<h1 class=\"wp-block-heading has-text-align-center\">Suivez l&rsquo;avancement de notre aventure !<\/h1>\n\n\n\n<p class=\"has-text-align-justify has-text-align-justify\">Le projet <strong>La 4 Mobile<\/strong> est en constante \u00e9volution, et chaque \u00e9tape nous rapproche un peu plus du d\u00e9part pour le <strong>4L Trophy<\/strong>. Cette section est d\u00e9di\u00e9e \u00e0 vous tenir inform\u00e9s de nos derni\u00e8res avanc\u00e9es, de nos d\u00e9fis relev\u00e9s et de nos moments forts. Venez d\u00e9couvrir les coulisses de notre pr\u00e9paration, les partenariats qui se tissent et les \u00e9v\u00e9nements auxquels nous participons !<\/p>\n\n\n\n<hr class=\"wp-block-separator has-alpha-channel-opacity is-style-wide\"\/>\n\n\n\n<div class=\"wp-block-group is-vertical is-content-justification-left is-layout-flex wp-container-core-group-is-layout-dd225191 wp-block-group-is-layout-flex\">\n<div class=\"wp-block-group is-vertical is-layout-flex wp-container-core-group-is-layout-fe9cc265 wp-block-group-is-layout-flex\"><ul class=\"wp-block-latest-posts__list has-dates has-author has-link-color wp-elements-e6f06275a29ceb640ae44fd254318d11 wp-block-latest-posts\"><li><div class=\"wp-block-latest-posts__featured-image alignleft\"><img loading=\"lazy\" decoding=\"async\" width=\"150\" height=\"150\" src=\"https:\/\/la4mobile.com\/wp-content\/uploads\/2025\/02\/IMG_4779-2-150x150.png\" class=\"attachment-thumbnail size-thumbnail wp-post-image\" alt=\"\" style=\"\" \/><\/div><a class=\"wp-block-latest-posts__post-title\" href=\"https:\/\/la4mobile.com\/index.php\/2025\/02\/03\/bonjour-tout-le-monde\/\">Bienvenue sur La 4 Mobile : Notre site est en ligne !<\/a><div class=\"wp-block-latest-posts__post-author\">par Aymeric<\/div><time datetime=\"2025-02-03T19:27:42+01:00\" class=\"wp-block-latest-posts__post-date\">3 f\u00e9vrier 2025<\/time><div class=\"wp-block-latest-posts__post-excerpt\">C\u2019est officiel, notre site La 4 Mobile est enfin en ligne ! \ud83d\ude97\ud83d\udca8 Apr\u00e8s des semaines de pr\u00e9paration, nous sommes ravis de vous accueillir sur notre plateforme d\u00e9di\u00e9e \u00e0 notre projet pour participer au 4L Trophy ! Ce site marque le d\u00e9but de notre aventure et est l\u2019endroit o\u00f9 vous pourrez suivre notre pr\u00e9paration, d\u00e9couvrir\u2026 <a class=\"wp-block-latest-posts__read-more\" href=\"https:\/\/la4mobile.com\/index.php\/2025\/02\/03\/bonjour-tout-le-monde\/\" rel=\"noopener noreferrer\">Lire la suite<span class=\"screen-reader-text\">\u00a0: Bienvenue sur La 4 Mobile : Notre site est en ligne !<\/span><\/a><\/div><\/li>\n<\/ul><\/div>\n<\/div>\n\n\n\n<p><\/p>\n","protected":false},"excerpt":{"rendered":"<p>Suivez l&rsquo;avancement de notre aventure ! Le projet La 4 Mobile est en constante \u00e9volution, et chaque \u00e9tape nous rapproche un peu plus du d\u00e9part pour le 4L Trophy. Cette section est d\u00e9di\u00e9e \u00e0 vous tenir inform\u00e9s de nos derni\u00e8res avanc\u00e9es, de nos d\u00e9fis relev\u00e9s et de nos moments forts. Venez d\u00e9couvrir les coulisses de [&hellip;]<\/p>\n","protected":false},"author":1,"featured_media":0,"parent":0,"menu_order":0,"comment_status":"closed","ping_status":"closed","template":"","meta":{"footnotes":""},"class_list":["post-28","page","type-page","status-publish","hentry"],"_links":{"self":[{"href":"https:\/\/la4mobile.com\/index.php\/wp-json\/wp\/v2\/pages\/28","targetHints":{"allow":["GET"]}}],"collection":[{"href":"https:\/\/la4mobile.com\/index.php\/wp-json\/wp\/v2\/pages"}],"about":[{"href":"https:\/\/la4mobile.com\/index.php\/wp-json\/wp\/v2\/types\/page"}],"author":[{"embeddable":true,"href":"https:\/\/la4mobile.com\/index.php\/wp-json\/wp\/v2\/users\/1"}],"replies":[{"embeddable":true,"href":"https:\/\/la4mobile.com\/index.php\/wp-json\/wp\/v2\/comments?post=28"}],"version-history":[{"count":9,"href":"https:\/\/la4mobile.com\/index.php\/wp-json\/wp\/v2\/pages\/28\/revisions"}],"predecessor-version":[{"id":173,"href":"https:\/\/la4mobile.com\/index.php\/wp-json\/wp\/v2\/pages\/28\/revisions\/173"}],"wp:attachment":[{"href":"https:\/\/la4mobile.com\/index.php\/wp-json\/wp\/v2\/media?parent=28"}],"curies":[{"name":"wp","href":"https:\/\/api.w.org\/{rel}","templated":true}]}}