{"id":30,"date":"2025-02-03T22:15:34","date_gmt":"2025-02-03T21:15:34","guid":{"rendered":"https:\/\/la4mobile.com\/?page_id=30"},"modified":"2025-02-03T23:18:37","modified_gmt":"2025-02-03T22:18:37","slug":"aidez-nous","status":"publish","type":"page","link":"https:\/\/la4mobile.com\/index.php\/aidez-nous\/","title":{"rendered":"Aidez-nous"},"content":{"rendered":"\n<h1 class=\"wp-block-heading has-text-align-center\">Aidez-nous \u00e0 r\u00e9aliser notre r\u00eave !<\/h1>\n\n\n\n<p>Participer au <strong>4L Trophy<\/strong> est un d\u00e9fi ambitieux, mais aussi une aventure humaine et solidaire incroyable. Nous avons besoin de votre soutien pour que ce projet prenne vie et que nous puissions vivre cette exp\u00e9rience inoubliable tout en soutenant une cause importante.<\/p>\n\n\n\n<h4 class=\"wp-block-heading\">Comment pouvez-vous nous aider ?<\/h4>\n\n\n\n<p>Il y a plusieurs fa\u00e7ons de contribuer \u00e0 notre aventure et chacune de vos aides compte \u00e9norm\u00e9ment, que ce soit pour nous permettre de financer la pr\u00e9paration de la voiture, d&rsquo;acheter le mat\u00e9riel n\u00e9cessaire ou de nous accompagner dans la collecte d&rsquo;objets humanitaires pour les enfants du Maroc.<\/p>\n\n\n\n<ol class=\"wp-block-list\">\n<li><strong>Faites un don<br><\/strong>Chaque euro compte ! Votre contribution nous aidera \u00e0 couvrir une partie des frais li\u00e9s \u00e0 la pr\u00e9paration de notre 4L et \u00e0 l\u2019achat de mat\u00e9riel essentiel pour notre p\u00e9riple. Nous avons mis en place une plateforme de dons simple et s\u00e9curis\u00e9e.                                     <\/li>\n\n\n\n<li><strong>Soutenez-nous mat\u00e9riellement<\/strong><br>Vous avez des pi\u00e8ces d\u00e9tach\u00e9es pour une 4L, des \u00e9quipements ou des produits utiles \u00e0 nous offrir ? Votre aide mat\u00e9rielle est \u00e9galement pr\u00e9cieuse pour nous permettre de partir dans les meilleures conditions possibles.<\/li>\n\n\n\n<li><strong>Devenez partenaire ou sponsor<\/strong><br>Vous \u00eates une entreprise ou un particulier et souhaitez devenir partenaire de notre aventure ? Nous serions ravis de discuter des opportunit\u00e9s de visibilit\u00e9 et de partenariat, en \u00e9change de votre soutien. Ensemble, nous irons plus loin !<\/li>\n\n\n\n<li><strong>Partagez notre aventure<\/strong><br>M\u00eame si vous ne pouvez pas contribuer financi\u00e8rement, vous pouvez nous soutenir en nous aidant \u00e0 faire conna\u00eetre notre projet ! Partagez notre histoire sur vos r\u00e9seaux sociaux, parlez-en autour de vous et faites grandir la communaut\u00e9 <strong>La 4 Mobile<\/strong>.<\/li>\n<\/ol>\n\n\n\n<h4 class=\"wp-block-heading\">Pourquoi votre soutien est important ?<\/h4>\n\n\n\n<p>Le 4L Trophy n&rsquo;est pas seulement une course, c&rsquo;est un \u00e9v\u00e9nement caritatif qui permet de r\u00e9colter des fonds pour les enfants d\u00e9favoris\u00e9s du Maroc. Chaque \u00e9tape de notre pr\u00e9paration, chaque don et chaque soutien nous rapproche de notre objectif : participer \u00e0 cette aventure solidaire et faire une diff\u00e9rence.<\/p>\n\n\n\n<p>Nous vous remercions d&rsquo;avance pour votre g\u00e9n\u00e9rosit\u00e9, vos encouragements et votre soutien. <\/p>\n\n\n\n<h2 class=\"wp-block-heading has-text-align-center\">Ensemble, faisons avancer la 4 Mobile !<\/h2>\n\n\n\n<hr class=\"wp-block-separator has-alpha-channel-opacity\"\/>\n\n\n\n<p>Vous avez des questions ou souhaitez en savoir plus sur notre projet ? N&rsquo;h\u00e9sitez pas \u00e0 nous <a href=\"https:\/\/la4mobile.com\/index.php\/contact\/\" data-type=\"page\" data-id=\"32\">contacter via le formulaire disponible<\/a>. Nous serons heureux de r\u00e9pondre \u00e0 toutes vos demandes et de discuter avec vous de notre aventure !<\/p>\n","protected":false},"excerpt":{"rendered":"<p>Aidez-nous \u00e0 r\u00e9aliser notre r\u00eave ! Participer au 4L Trophy est un d\u00e9fi ambitieux, mais aussi une aventure humaine et solidaire incroyable. Nous avons besoin de votre soutien pour que ce projet prenne vie et que nous puissions vivre cette exp\u00e9rience inoubliable tout en soutenant une cause importante. Comment pouvez-vous nous aider ? Il y [&hellip;]<\/p>\n","protected":false},"author":1,"featured_media":0,"parent":0,"menu_order":0,"comment_status":"closed","ping_status":"closed","template":"","meta":{"footnotes":""},"class_list":["post-30","page","type-page","status-publish","hentry"],"_links":{"self":[{"href":"https:\/\/la4mobile.com\/index.php\/wp-json\/wp\/v2\/pages\/30","targetHints":{"allow":["GET"]}}],"collection":[{"href":"https:\/\/la4mobile.com\/index.php\/wp-json\/wp\/v2\/pages"}],"about":[{"href":"https:\/\/la4mobile.com\/index.php\/wp-json\/wp\/v2\/types\/page"}],"author":[{"embeddable":true,"href":"https:\/\/la4mobile.com\/index.php\/wp-json\/wp\/v2\/users\/1"}],"replies":[{"embeddable":true,"href":"https:\/\/la4mobile.com\/index.php\/wp-json\/wp\/v2\/comments?post=30"}],"version-history":[{"count":6,"href":"https:\/\/la4mobile.com\/index.php\/wp-json\/wp\/v2\/pages\/30\/revisions"}],"predecessor-version":[{"id":107,"href":"https:\/\/la4mobile.com\/index.php\/wp-json\/wp\/v2\/pages\/30\/revisions\/107"}],"wp:attachment":[{"href":"https:\/\/la4mobile.com\/index.php\/wp-json\/wp\/v2\/media?parent=30"}],"curies":[{"name":"wp","href":"https:\/\/api.w.org\/{rel}","templated":true}]}}