{"id":32,"date":"2025-02-03T22:09:42","date_gmt":"2025-02-03T21:09:42","guid":{"rendered":"https:\/\/la4mobile.com\/?page_id=32"},"modified":"2025-02-13T18:50:54","modified_gmt":"2025-02-13T17:50:54","slug":"contact","status":"publish","type":"page","link":"https:\/\/la4mobile.com\/index.php\/contact\/","title":{"rendered":"Contactez-nous"},"content":{"rendered":"\n<h1 class=\"wp-block-heading has-text-align-center\">Contactez-nous<\/h1>\n\n\n\n<p>Vous avez des questions ou souhaitez en savoir plus sur notre aventure du <strong>4L Trophy<\/strong> ? Nous serions ravis d&rsquo;\u00e9changer avec vous ! Que vous soyez int\u00e9ress\u00e9 par notre projet, que vous vouliez nous soutenir ou que vous ayez simplement une question, n&rsquo;h\u00e9sitez pas \u00e0 nous contacter.<\/p>\n\n\n\n<h4 class=\"wp-block-heading\">Par email :<\/h4>\n\n\n\n<p><a href=\"mailto:nf4ltrophy@gmail.com\">nf4ltrophy@gmail.com<\/a><\/p>\n\n\n\n<p>Nous r\u00e9pondrons \u00e0 votre message dans les plus brefs d\u00e9lais.<\/p>\n\n\n\n<h4 class=\"wp-block-heading\">Par t\u00e9l\u00e9phone :<\/h4>\n\n\n\n<p><strong>06 33 31 40 55<\/strong><\/p>\n\n\n\n<h4 class=\"wp-block-heading\">Formulaire de contact :<\/h4>\n\n\n\n<p>Si vous pr\u00e9f\u00e9rez, vous pouvez remplir le formulaire ci-dessous. Nous reviendrons vers vous rapidement !<\/p>\n\n\n\n<div class=\"wp-block-contact-form-7-contact-form-selector\">\n<div class=\"wpcf7 no-js\" id=\"wpcf7-f5-o1\" lang=\"fr-FR\" dir=\"ltr\" data-wpcf7-id=\"5\">\n<div class=\"screen-reader-response\"><p role=\"status\" aria-live=\"polite\" aria-atomic=\"true\"><\/p> <ul><\/ul><\/div>\n<form action=\"\/index.php\/wp-json\/wp\/v2\/pages\/32#wpcf7-f5-o1\" method=\"post\" class=\"wpcf7-form init\" aria-label=\"Formulaire de contact\" novalidate=\"novalidate\" data-status=\"init\">\n<div style=\"display: none;\">\n<input type=\"hidden\" name=\"_wpcf7\" value=\"5\" \/>\n<input type=\"hidden\" name=\"_wpcf7_version\" value=\"6.0.5\" \/>\n<input type=\"hidden\" name=\"_wpcf7_locale\" value=\"fr_FR\" \/>\n<input type=\"hidden\" name=\"_wpcf7_unit_tag\" value=\"wpcf7-f5-o1\" \/>\n<input type=\"hidden\" name=\"_wpcf7_container_post\" value=\"0\" \/>\n<input type=\"hidden\" name=\"_wpcf7_posted_data_hash\" value=\"\" \/>\n<\/div>\n<p><label> Votre nom<br \/>\n<span class=\"wpcf7-form-control-wrap\" data-name=\"your-name\"><input size=\"40\" maxlength=\"400\" class=\"wpcf7-form-control wpcf7-text wpcf7-validates-as-required\" autocomplete=\"name\" aria-required=\"true\" aria-invalid=\"false\" value=\"\" type=\"text\" name=\"your-name\" \/><\/span> <\/label>\n<\/p>\n<p><label> Votre e-mail<br \/>\n<span class=\"wpcf7-form-control-wrap\" data-name=\"your-email\"><input size=\"40\" maxlength=\"400\" class=\"wpcf7-form-control wpcf7-email wpcf7-validates-as-required wpcf7-text wpcf7-validates-as-email\" autocomplete=\"email\" aria-required=\"true\" aria-invalid=\"false\" value=\"\" type=\"email\" name=\"your-email\" \/><\/span> <\/label>\n<\/p>\n<p><label> Objet<br \/>\n<span class=\"wpcf7-form-control-wrap\" data-name=\"your-subject\"><input size=\"40\" maxlength=\"400\" class=\"wpcf7-form-control wpcf7-text wpcf7-validates-as-required\" aria-required=\"true\" aria-invalid=\"false\" value=\"\" type=\"text\" name=\"your-subject\" \/><\/span> <\/label>\n<\/p>\n<p><label> Votre message (facultatif)<br \/>\n<span class=\"wpcf7-form-control-wrap\" data-name=\"your-message\"><textarea cols=\"40\" rows=\"10\" maxlength=\"2000\" class=\"wpcf7-form-control wpcf7-textarea\" aria-invalid=\"false\" name=\"your-message\"><\/textarea><\/span> <\/label>\n<\/p>\n<p><input class=\"wpcf7-form-control wpcf7-submit has-spinner\" type=\"submit\" value=\"Envoyer\" \/>\n<\/p><div class=\"wpcf7-response-output\" aria-hidden=\"true\"><\/div>\n<\/form>\n<\/div>\n<\/div>\n","protected":false},"excerpt":{"rendered":"<p>Contactez-nous Vous avez des questions ou souhaitez en savoir plus sur notre aventure du 4L Trophy ? Nous serions ravis d&rsquo;\u00e9changer avec vous ! Que vous soyez int\u00e9ress\u00e9 par notre projet, que vous vouliez nous soutenir ou que vous ayez simplement une question, n&rsquo;h\u00e9sitez pas \u00e0 nous contacter. Par email : nf4ltrophy@gmail.com Nous r\u00e9pondrons \u00e0 [&hellip;]<\/p>\n","protected":false},"author":1,"featured_media":0,"parent":0,"menu_order":0,"comment_status":"closed","ping_status":"closed","template":"","meta":{"footnotes":""},"class_list":["post-32","page","type-page","status-publish","hentry"],"_links":{"self":[{"href":"https:\/\/la4mobile.com\/index.php\/wp-json\/wp\/v2\/pages\/32","targetHints":{"allow":["GET"]}}],"collection":[{"href":"https:\/\/la4mobile.com\/index.php\/wp-json\/wp\/v2\/pages"}],"about":[{"href":"https:\/\/la4mobile.com\/index.php\/wp-json\/wp\/v2\/types\/page"}],"author":[{"embeddable":true,"href":"https:\/\/la4mobile.com\/index.php\/wp-json\/wp\/v2\/users\/1"}],"replies":[{"embeddable":true,"href":"https:\/\/la4mobile.com\/index.php\/wp-json\/wp\/v2\/comments?post=32"}],"version-history":[{"count":5,"href":"https:\/\/la4mobile.com\/index.php\/wp-json\/wp\/v2\/pages\/32\/revisions"}],"predecessor-version":[{"id":196,"href":"https:\/\/la4mobile.com\/index.php\/wp-json\/wp\/v2\/pages\/32\/revisions\/196"}],"wp:attachment":[{"href":"https:\/\/la4mobile.com\/index.php\/wp-json\/wp\/v2\/media?parent=32"}],"curies":[{"name":"wp","href":"https:\/\/api.w.org\/{rel}","templated":true}]}}